{"id":158,"date":"2012-08-02T18:52:51","date_gmt":"2012-08-02T16:52:51","guid":{"rendered":"http:\/\/studenten-zimmer.de\/s1\/?page_id=158"},"modified":"2012-10-17T19:36:35","modified_gmt":"2012-10-17T17:36:35","slug":"anreise-mit-bahn-und-bus","status":"publish","type":"page","link":"http:\/\/studenten-zimmer.de\/s1\/?page_id=158","title":{"rendered":"Anreise mit Bahn und Bus"},"content":{"rendered":"<h1>Anreise mit \u00f6ffentlichen Verkehrsmitteln<a href=\"http:\/\/studenten-zimmer.de\/s1\/wp-content\/uploads\/Tram.jpg\"><img loading=\"lazy\" class=\"alignright size-thumbnail wp-image-378\" title=\"Tram\" src=\"http:\/\/studenten-zimmer.de\/s1\/wp-content\/uploads\/Tram-150x150.jpg\" alt=\"\" width=\"150\" height=\"150\" srcset=\"http:\/\/studenten-zimmer.de\/s1\/wp-content\/uploads\/Tram-150x150.jpg 150w, http:\/\/studenten-zimmer.de\/s1\/wp-content\/uploads\/Tram-300x300.jpg 300w, http:\/\/studenten-zimmer.de\/s1\/wp-content\/uploads\/Tram-1024x1024.jpg 1024w, http:\/\/studenten-zimmer.de\/s1\/wp-content\/uploads\/Tram.jpg 1050w\" sizes=\"(max-width: 150px) 100vw, 150px\" \/><\/a><\/h1>\n<ul>\n<li>Vom Hauptbahnhof mit der TRAM Linie 2 bis zur<br \/>\nHaltestelle Hertzstra\u00dfe (angezeigte Richtung: ZKM) oder innerhalb der City mit vielen Linien zur Haltestelle Yorckstra\u00dfe und dort in die TRAM Linie 2 in die dort dann angezeigte Richtung Siemensallee umsteigen.<\/li>\n<\/ul>\n<ul>\n<li>An der Haltestelle Hertzstra\u00dfe Aussteigen.<\/li>\n<\/ul>\n<ul>\n<li>In die Hertzstra\u00dfe in Fahrtrichtung der Stra\u00dfenbahn rechts laufen, nach 150m in der Hertzstra\u00dfe ist das Haus mit der Nummer 15 auf der linken Seite.<\/li>\n<\/ul>\n<h1>Fahrplanauskunft<a href=\"http:\/\/studenten-zimmer.de\/s1\/wp-content\/uploads\/ICE.jpg\"><img loading=\"lazy\" class=\"alignright size-thumbnail wp-image-377\" title=\"ICE\" src=\"http:\/\/studenten-zimmer.de\/s1\/wp-content\/uploads\/ICE-150x150.jpg\" alt=\"\" width=\"150\" height=\"150\" \/><\/a><\/h1>\n<p>Bei der Fahrplanauskunft der <a href=\"http:\/\/reiseauskunft.bahn.de\/\" target=\"_blank\">Deutschen Bahn<\/a> k\u00f6nnen<br \/>\npassende Z\u00fcge nach Karlsruhe ausgesucht werden.<br \/>\nBeim <a href=\"http:\/\/kvv.de\/\" target=\"_blank\">Karlsruher Verkehrsverbund<\/a> erh\u00e4lt man die Fahrpl\u00e4ne von Bus und Stra\u00dfenbahn.<\/p>\n","protected":false},"excerpt":{"rendered":"<p>Anreise mit \u00f6ffentlichen Verkehrsmitteln Vom Hauptbahnhof mit der TRAM Linie 2 bis zur Haltestelle Hertzstra\u00dfe (angezeigte Richtung: ZKM) oder innerhalb der City mit vielen Linien zur Haltestelle Yorckstra\u00dfe und dort &hellip; <\/p>\n","protected":false},"author":1,"featured_media":0,"parent":25,"menu_order":1,"comment_status":"closed","ping_status":"closed","template":"","meta":[],"_links":{"self":[{"href":"http:\/\/studenten-zimmer.de\/s1\/index.php?rest_route=\/wp\/v2\/pages\/158"}],"collection":[{"href":"http:\/\/studenten-zimmer.de\/s1\/index.php?rest_route=\/wp\/v2\/pages"}],"about":[{"href":"http:\/\/studenten-zimmer.de\/s1\/index.php?rest_route=\/wp\/v2\/types\/page"}],"author":[{"embeddable":true,"href":"http:\/\/studenten-zimmer.de\/s1\/index.php?rest_route=\/wp\/v2\/users\/1"}],"replies":[{"embeddable":true,"href":"http:\/\/studenten-zimmer.de\/s1\/index.php?rest_route=%2Fwp%2Fv2%2Fcomments&post=158"}],"version-history":[{"count":12,"href":"http:\/\/studenten-zimmer.de\/s1\/index.php?rest_route=\/wp\/v2\/pages\/158\/revisions"}],"predecessor-version":[{"id":160,"href":"http:\/\/studenten-zimmer.de\/s1\/index.php?rest_route=\/wp\/v2\/pages\/158\/revisions\/160"}],"up":[{"embeddable":true,"href":"http:\/\/studenten-zimmer.de\/s1\/index.php?rest_route=\/wp\/v2\/pages\/25"}],"wp:attachment":[{"href":"http:\/\/studenten-zimmer.de\/s1\/index.php?rest_route=%2Fwp%2Fv2%2Fmedia&parent=158"}],"curies":[{"name":"wp","href":"https:\/\/api.w.org\/{rel}","templated":true}]}}