{"id":57,"date":"2012-07-24T19:24:39","date_gmt":"2012-07-24T17:24:39","guid":{"rendered":"http:\/\/studenten-zimmer.de\/s1\/?page_id=57"},"modified":"2022-10-28T14:30:09","modified_gmt":"2022-10-28T12:30:09","slug":"zimmer-mit-minikuche","status":"publish","type":"page","link":"http:\/\/studenten-zimmer.de\/s1\/?page_id=57","title":{"rendered":"Zimmer mit Minik\u00fcche"},"content":{"rendered":"<p>Es gibt im Haus Zimmer mit einer Grundfl\u00e4che von etwa 15 bis 20m\u00b2.<\/p>\n<p>Sie sind vollst\u00e4ndig m\u00f6bliert mit einem Bett, einem Kleiderschrank, einem Schreibtisch mit Lampe und B\u00fcrodrehstuhl, einem Regal, einem kleinen Beistelltisch und einem Sessel. Bettw\u00e4sche wird nicht zur Verf\u00fcgung gestellt. Soweit man m\u00f6chte, kann man selbstverst\u00e4ndlich zus\u00e4tzlich eigene M\u00f6bel mitbringen.<\/p>\n<p>Die Zimmer haben alle Kabel-TV-Anschluss oder SAT und Internet \u00fcber ein hauseingenes schnelles 54Mbit W-Lan-Netzwerk. Einige Zimmer haben einen kleinen Balkon. Selbstverst\u00e4ndlich geh\u00f6rt zu jedem Zimmer eine eigene Klingel und ein eigener Briefkasten.<\/p>\n<p>Die im Wohnraum integrierte Minik\u00fcche beinhaltet eine Sp\u00fcle mit 2 Herdplatten, K\u00fchlschrank, Mikrowelle und einen Geschirrschrank.<\/p>\n<p>Zur gemeinsamen Verwendung mit anderen Bewohnern stehen Duschen, WC\u00b4s zur Verf\u00fcgung. Die Preise incl. aller Nebenkosten, auch Strom, Fernseh-Anschluss und <strong>Internetzugang<\/strong> (\u00fcber das im Haus verf\u00fcgbare W-Lan <a href=\"http:\/\/www.eduroam.org\">eduroam<\/a> und <a href=\"http:\/\/www.ka-wlan.de\">KA-Wlan<\/a>) betragen je nach Gr\u00f6\u00dfe der Zimmer ab ca. 400\u20ac. Der Runfunkbeitrag (ehem. GEZ) und Telefongeb\u00fchren sind optional je nach Bedarf. Da jedes Zimmer eine Telefonanschlussdose hat, kann der Anschluss vom Mieter selbst bei jedem verf\u00fcgbaren Telefonanbieter beantragt werden. F\u00fcr den Internetzugang ins hauseigene W-Lan Netzwerk ben\u00f6tigt man keinen eigenen Festnetzanschluss.<\/p>\n\n\n<p>Aktueller Hinweis zu dem Mietpreisen und den Nebenkosten: Die Preise hier sind aufgrund der volatilen Preisentwicklung ggf. nicht auf dem aktuellen Stand.<\/p>\n","protected":false},"excerpt":{"rendered":"<p>Es gibt im Haus Zimmer mit einer Grundfl\u00e4che von etwa 15 bis 20m\u00b2. Sie sind vollst\u00e4ndig m\u00f6bliert mit einem Bett, einem Kleiderschrank, einem Schreibtisch mit Lampe und B\u00fcrodrehstuhl, einem Regal, &hellip; <\/p>\n","protected":false},"author":1,"featured_media":0,"parent":35,"menu_order":2,"comment_status":"closed","ping_status":"closed","template":"","meta":[],"_links":{"self":[{"href":"http:\/\/studenten-zimmer.de\/s1\/index.php?rest_route=\/wp\/v2\/pages\/57"}],"collection":[{"href":"http:\/\/studenten-zimmer.de\/s1\/index.php?rest_route=\/wp\/v2\/pages"}],"about":[{"href":"http:\/\/studenten-zimmer.de\/s1\/index.php?rest_route=\/wp\/v2\/types\/page"}],"author":[{"embeddable":true,"href":"http:\/\/studenten-zimmer.de\/s1\/index.php?rest_route=\/wp\/v2\/users\/1"}],"replies":[{"embeddable":true,"href":"http:\/\/studenten-zimmer.de\/s1\/index.php?rest_route=%2Fwp%2Fv2%2Fcomments&post=57"}],"version-history":[{"count":8,"href":"http:\/\/studenten-zimmer.de\/s1\/index.php?rest_route=\/wp\/v2\/pages\/57\/revisions"}],"predecessor-version":[{"id":657,"href":"http:\/\/studenten-zimmer.de\/s1\/index.php?rest_route=\/wp\/v2\/pages\/57\/revisions\/657"}],"up":[{"embeddable":true,"href":"http:\/\/studenten-zimmer.de\/s1\/index.php?rest_route=\/wp\/v2\/pages\/35"}],"wp:attachment":[{"href":"http:\/\/studenten-zimmer.de\/s1\/index.php?rest_route=%2Fwp%2Fv2%2Fmedia&parent=57"}],"curies":[{"name":"wp","href":"https:\/\/api.w.org\/{rel}","templated":true}]}}